{"id":11,"date":"2018-11-22T06:15:32","date_gmt":"2018-11-22T05:15:32","guid":{"rendered":"http:\/\/atecagencement.fr\/?page_id=11"},"modified":"2019-02-04T13:16:03","modified_gmt":"2019-02-04T12:16:03","slug":"atec-agencement","status":"publish","type":"page","link":"https:\/\/atecagencement.fr\/","title":{"rendered":"Atec agencement"},"content":{"rendered":"[vc_row][vc_column][vc_single_image image=\u00a0\u00bb23&Prime; img_size=\u00a0\u00bbmedium\u00a0\u00bb alignment=\u00a0\u00bbcenter\u00a0\u00bb css=\u00a0\u00bb.vc_custom_1549282516758{padding-bottom: 0px !important;}\u00a0\u00bb][vc_column_text text_align=\u00a0\u00bbcenter\u00a0\u00bb css=\u00a0\u00bb.vc_custom_1549282528332{padding-top: 0px !important;padding-bottom: 30px !important;}\u00a0\u00bb]\n<h1>Menuiserie et agencement Bois &amp; Corian<br \/>\npour les entreprises et collectivit\u00e9s<\/h1>\n[\/vc_column_text][\/vc_column][\/vc_row][vc_row column_spacing=\u00a0\u00bb40&Prime;][vc_column width=\u00a0\u00bb1\/2&Prime;][vc_column_text]Bas\u00e9e \u00e0 Aubagne, ATEC est sp\u00e9cialis\u00e9e dans l\u2019\u00e9tude, la fabrication et la pose de tous types d\u2019agencements bois et r\u00e9sine Corian\u00a9.<br \/>\nCr\u00e9\u00e9e en 1989 et reprise en 2018, l\u2019entreprise f\u00eate en 2019 ses 30 ans au service de vos projets.<\/p>\n<p>Forte du savoir-faire \u00e9prouv\u00e9 de ses 35 salari\u00e9s, Atec intervient dans la conception et la r\u00e9alisation de menuiseries int\u00e9rieures (portes et cloisons), d\u2019agencements (habillages muraux, banques d\u2019accueil, espaces de rangement, biblioth\u00e8ques, dressing, cuisines\u2026) et de mobiliers (tables, bureaux, caissons\u2026)[\/vc_column_text][\/vc_column][vc_column width=\u00a0\u00bb1\/2&Prime;][vc_column_text]ATEC intervient en co-production avec des cabinets d\u2019architectes et des bureaux d\u2019\u00e9tudes, ou en direct avec le client dans les secteurs de la sant\u00e9 (h\u00f4pitaux, cliniques et EHPAD), de la culture et de l\u2019enseignement (de la cr\u00e8che \u00e0 l\u2019universit\u00e9), du tertiaire (entreprises, collectivit\u00e9s et administrations).<\/p>\n<p>Avec une nouvelle ambition, ATEC multiplie d\u00e9sormais ses interventions sur des march\u00e9s \u00e0 tr\u00e8s forte exigence : villas et h\u00f4tellerie de luxe, am\u00e9nagement de commerces, refit de yachts.[\/vc_column_text][\/vc_column][\/vc_row][vc_row full_width=\u00a0\u00bbstretch_row_content\u00a0\u00bb css=\u00a0\u00bb.vc_custom_1549282158935{background-color: #411f12 !important;}\u00a0\u00bb][vc_column][vc_column_text text_align=\u00a0\u00bbcenter\u00a0\u00bb css=\u00a0\u00bb.vc_custom_1549282143139{padding-top: 30px !important;padding-bottom: 30px !important;}\u00a0\u00bb color=\u00a0\u00bb#ffffff\u00a0\u00bb]\n<h1><span style=\"color: #ffffff;\">R\u00e9alisations<\/span><\/h1>\n[\/vc_column_text]<div class=\"vcex-module wpex-carousel wpex-carousel-images clr owl-carousel\" data-items=\"8\" data-slideby=\"1\" data-nav=\"false\" data-dots=\"true\" data-autoplay=\"true\" data-loop=\"true\" data-autoplay-timeout=\"5000\" data-center=\"false\" data-margin=\"15\" data-items-tablet=\"3\" data-items-mobile-landscape=\"2\" data-items-mobile-portrait=\"1\" data-smart-speed=\"150\" data-auto-height=\"false\" data-auto-width=\"false\"><div class=\"wpex-carousel-slide\"><figure class=\"wpex-carousel-entry-media clr\"><img data-no-lazy=\"1\" class=\"skip-lazy\" src=\"https:\/\/atecagencement.fr\/wp-content\/uploads\/portfolio\/Hotel-C2-250x250.jpg\" data-no-retina width=\"250\" height=\"250\" \/><\/figure><\/div><div class=\"wpex-carousel-slide\"><figure class=\"wpex-carousel-entry-media clr\"><img data-no-lazy=\"1\" class=\"skip-lazy\" src=\"https:\/\/atecagencement.fr\/wp-content\/uploads\/portfolio\/20141211_161917-250x250.jpg\" data-no-retina width=\"250\" height=\"250\" \/><\/figure><\/div><div class=\"wpex-carousel-slide\"><figure class=\"wpex-carousel-entry-media clr\"><img data-no-lazy=\"1\" class=\"skip-lazy\" src=\"https:\/\/atecagencement.fr\/wp-content\/uploads\/portfolio\/20150212_094218-250x250.jpg\" data-no-retina width=\"250\" height=\"250\" \/><\/figure><\/div><div class=\"wpex-carousel-slide\"><figure class=\"wpex-carousel-entry-media clr\"><img data-no-lazy=\"1\" class=\"skip-lazy\" src=\"https:\/\/atecagencement.fr\/wp-content\/uploads\/portfolio\/2015-IMMO-BPPC-18-250x250.jpg\" data-no-retina width=\"250\" height=\"250\" \/><\/figure><\/div><div class=\"wpex-carousel-slide\"><figure class=\"wpex-carousel-entry-media clr\"><img data-no-lazy=\"1\" class=\"skip-lazy\" src=\"https:\/\/atecagencement.fr\/wp-content\/uploads\/portfolio\/20130403_185337-250x250.jpg\" data-no-retina width=\"250\" height=\"250\" \/><\/figure><\/div><div class=\"wpex-carousel-slide\"><figure class=\"wpex-carousel-entry-media clr\"><img data-no-lazy=\"1\" class=\"skip-lazy\" src=\"https:\/\/atecagencement.fr\/wp-content\/uploads\/portfolio\/20141223_151205-250x250.jpg\" data-no-retina width=\"250\" height=\"250\" \/><\/figure><\/div><div class=\"wpex-carousel-slide\"><figure class=\"wpex-carousel-entry-media clr\"><img data-no-lazy=\"1\" class=\"skip-lazy\" src=\"https:\/\/atecagencement.fr\/wp-content\/uploads\/portfolio\/20150122_160906-250x250.jpg\" data-no-retina width=\"250\" height=\"250\" \/><\/figure><\/div><div class=\"wpex-carousel-slide\"><figure class=\"wpex-carousel-entry-media clr\"><img data-no-lazy=\"1\" class=\"skip-lazy\" src=\"https:\/\/atecagencement.fr\/wp-content\/uploads\/portfolio\/2015-IMMO-BPPC-43-250x250.jpg\" data-no-retina width=\"250\" height=\"250\" \/><\/figure><\/div><div class=\"wpex-carousel-slide\"><figure class=\"wpex-carousel-entry-media clr\"><img data-no-lazy=\"1\" class=\"skip-lazy\" src=\"https:\/\/atecagencement.fr\/wp-content\/uploads\/portfolio\/beauregard-maternit\u00e9-151-250x250.jpg\" data-no-retina width=\"250\" height=\"250\" \/><\/figure><\/div><div class=\"wpex-carousel-slide\"><figure class=\"wpex-carousel-entry-media clr\"><img data-no-lazy=\"1\" class=\"skip-lazy\" src=\"https:\/\/atecagencement.fr\/wp-content\/uploads\/portfolio\/20130403_185823-250x250.jpg\" data-no-retina width=\"250\" height=\"250\" \/><\/figure><\/div><div class=\"wpex-carousel-slide\"><figure class=\"wpex-carousel-entry-media clr\"><img data-no-lazy=\"1\" class=\"skip-lazy\" src=\"https:\/\/atecagencement.fr\/wp-content\/uploads\/portfolio\/20151002_074203-250x250.jpg\" data-no-retina width=\"250\" height=\"250\" \/><\/figure><\/div><div class=\"wpex-carousel-slide\"><figure class=\"wpex-carousel-entry-media clr\"><img data-no-lazy=\"1\" class=\"skip-lazy\" src=\"https:\/\/atecagencement.fr\/wp-content\/uploads\/portfolio\/2005-gare-de-grasse-250x250.jpg\" data-no-retina width=\"250\" height=\"250\" \/><\/figure><\/div><div class=\"wpex-carousel-slide\"><figure class=\"wpex-carousel-entry-media clr\"><img data-no-lazy=\"1\" class=\"skip-lazy\" src=\"https:\/\/atecagencement.fr\/wp-content\/uploads\/portfolio\/C2-PRESTIGE-3-250x250.jpg\" data-no-retina width=\"250\" height=\"250\" \/><\/figure><\/div><div class=\"wpex-carousel-slide\"><figure class=\"wpex-carousel-entry-media clr\"><img data-no-lazy=\"1\" class=\"skip-lazy\" src=\"https:\/\/atecagencement.fr\/wp-content\/uploads\/portfolio\/Hopital-de-la-Timone_11-septembre-2013_088-2-250x250.jpg\" data-no-retina width=\"250\" height=\"250\" \/><\/figure><\/div><div class=\"wpex-carousel-slide\"><figure class=\"wpex-carousel-entry-media clr\"><img data-no-lazy=\"1\" class=\"skip-lazy\" src=\"https:\/\/atecagencement.fr\/wp-content\/uploads\/portfolio\/bl\u00e9riot-003-250x250.jpg\" data-no-retina width=\"250\" height=\"250\" \/><\/figure><\/div><div class=\"wpex-carousel-slide\"><figure class=\"wpex-carousel-entry-media clr\"><img data-no-lazy=\"1\" class=\"skip-lazy\" src=\"https:\/\/atecagencement.fr\/wp-content\/uploads\/portfolio\/2009-Chato9-250x250.jpg\" data-no-retina width=\"250\" height=\"250\" \/><\/figure><\/div><\/div>[\/vc_column][\/vc_row][vc_row][vc_column][vc_column_text text_align=\u00a0\u00bbcenter\u00a0\u00bb css=\u00a0\u00bb.vc_custom_1547555207256{padding-top: 30px !important;padding-bottom: 30px !important;}\u00a0\u00bb]\n<h1>Domaines d&rsquo;intervention<\/h1>\n[\/vc_column_text][vc_row_inner][vc_column_inner width=\u00a0\u00bb1\/4&Prime;]<div class=\"vcex-module vcex-image-banner textcenter\"><span class=\"vcex-ib-img\"  style=\"background-image:url(https:\/\/atecagencement.fr\/wp-content\/uploads\/phototheque\/IMG_0698-e1549265388179.jpg);\"><\/span><span class=\"vcex-ib-overlay\"><\/span><div class=\"vcex-ib-content-wrap clr\"  style=\"padding-right:10px;padding-left:10px;\"><div class=\"vcex-ib-content clr\"><h3 class=\"vcex-ib-title\" data-wpex-rcss='{\"font-size\":{\"d\":\"1.5em\",\"tl\":\"1.5em\",\"tp\":\"1.5em\",\"pl\":\"1.5em\",\"pp\":\"1.5em\"}}'>Yachting<\/h3><div class=\"vcex-ib-caption\" data-wpex-rcss='{\"font-size\":{\"d\":\"1em\",\"tl\":\"1em\",\"tp\":\"1em\",\"pl\":\"1em\",\"pp\":\"1em\"}}'>&amp; refit de bateaux<\/div><\/div><\/div><\/div>[\/vc_column_inner][vc_column_inner width=\u00a0\u00bb1\/4&Prime;]<div class=\"vcex-module vcex-image-banner textcenter\"><span class=\"vcex-ib-img\"  style=\"background-image:url(https:\/\/atecagencement.fr\/wp-content\/uploads\/portfolio\/2009-Chato9-e1549265411460.jpg);\"><\/span><span class=\"vcex-ib-overlay\"><\/span><div class=\"vcex-ib-content-wrap clr\"  style=\"padding-right:10px;padding-left:10px;\"><div class=\"vcex-ib-content clr\"><h3 class=\"vcex-ib-title\" data-wpex-rcss='{\"font-size\":{\"d\":\"1.5em\",\"tl\":\"1.5em\",\"tp\":\"1.5em\",\"pl\":\"1.5em\",\"pp\":\"1.5em\"}}'>Villas<\/h3><div class=\"vcex-ib-caption\" data-wpex-rcss='{\"font-size\":{\"d\":\"1em\",\"tl\":\"1em\",\"tp\":\"1em\",\"pl\":\"1em\",\"pp\":\"1em\"}}'>travaux \u00e0 fa\u00e7on<\/div><\/div><\/div><\/div>[\/vc_column_inner][vc_column_inner width=\u00a0\u00bb1\/4&Prime;]<div class=\"vcex-module vcex-image-banner textcenter\"><span class=\"vcex-ib-img\"  style=\"background-image:url(https:\/\/atecagencement.fr\/wp-content\/uploads\/portfolio\/C2-PRESTIGE-2.jpg);\"><\/span><span class=\"vcex-ib-overlay\"><\/span><div class=\"vcex-ib-content-wrap clr\"  style=\"padding-right:10px;padding-left:10px;\"><div class=\"vcex-ib-content clr\"><h3 class=\"vcex-ib-title\" data-wpex-rcss='{\"font-size\":{\"d\":\"1.5em\",\"tl\":\"1.5em\",\"tp\":\"1.5em\",\"pl\":\"1.5em\",\"pp\":\"1.5em\"}}'>H\u00f4tellerie<\/h3><div class=\"vcex-ib-caption\" data-wpex-rcss='{\"font-size\":{\"d\":\"1em\",\"tl\":\"1em\",\"tp\":\"1em\",\"pl\":\"1em\",\"pp\":\"1em\"}}'>&amp; commerces<\/div><\/div><\/div><\/div>[\/vc_column_inner][vc_column_inner width=\u00a0\u00bb1\/4&Prime;]<div class=\"vcex-module vcex-image-banner textcenter\"><span class=\"vcex-ib-img\"  style=\"background-image:url(https:\/\/atecagencement.fr\/wp-content\/uploads\/portfolio\/anthea-antibes.jpg);\"><\/span><span class=\"vcex-ib-overlay\"><\/span><div class=\"vcex-ib-content-wrap clr\"  style=\"padding-right:10px;padding-left:10px;\"><div class=\"vcex-ib-content clr\"><h3 class=\"vcex-ib-title\" data-wpex-rcss='{\"font-size\":{\"d\":\"1.5em\",\"tl\":\"1.5em\",\"tp\":\"1.5em\",\"pl\":\"1.5em\",\"pp\":\"1.5em\"}}'>Culture<\/h3><div class=\"vcex-ib-caption\" data-wpex-rcss='{\"font-size\":{\"d\":\"1em\",\"tl\":\"1em\",\"tp\":\"1em\",\"pl\":\"1em\",\"pp\":\"1em\"}}'>&amp; salles de spectacle<\/div><\/div><\/div><\/div>[\/vc_column_inner][\/vc_row_inner][vc_row_inner][vc_column_inner width=\u00a0\u00bb1\/4&Prime;]<div class=\"vcex-module vcex-image-banner textcenter\"><span class=\"vcex-ib-img\"  style=\"background-image:url(https:\/\/atecagencement.fr\/wp-content\/uploads\/portfolio\/2009-Clinique-Beauregard-Maternit\u00e9-e1549265452486.jpg);\"><\/span><span class=\"vcex-ib-overlay\"><\/span><div class=\"vcex-ib-content-wrap clr\"  style=\"padding-right:10px;padding-left:10px;\"><div class=\"vcex-ib-content clr\"><h3 class=\"vcex-ib-title\" data-wpex-rcss='{\"font-size\":{\"d\":\"1.5em\",\"tl\":\"1.5em\",\"tp\":\"1.5em\",\"pl\":\"1.5em\",\"pp\":\"1.5em\"}}'>Sant\u00e9<\/h3><div class=\"vcex-ib-caption\" data-wpex-rcss='{\"font-size\":{\"d\":\"1em\",\"tl\":\"1em\",\"tp\":\"1em\",\"pl\":\"1em\",\"pp\":\"1em\"}}'>&amp; EHPAD<\/div><\/div><\/div><\/div>[\/vc_column_inner][vc_column_inner width=\u00a0\u00bb1\/4&Prime;]<div class=\"vcex-module vcex-image-banner textcenter\"><span class=\"vcex-ib-img\"  style=\"background-image:url(https:\/\/atecagencement.fr\/wp-content\/uploads\/portfolio\/2006-avenance-e1549265471750.jpg);\"><\/span><span class=\"vcex-ib-overlay\"><\/span><div class=\"vcex-ib-content-wrap clr\"  style=\"padding-right:10px;padding-left:10px;\"><div class=\"vcex-ib-content clr\"><h3 class=\"vcex-ib-title\" data-wpex-rcss='{\"font-size\":{\"d\":\"1.5em\",\"tl\":\"1.5em\",\"tp\":\"1.5em\",\"pl\":\"1.5em\",\"pp\":\"1.5em\"}}'>Enseignement<\/h3><div class=\"vcex-ib-caption\" data-wpex-rcss='{\"font-size\":{\"d\":\"1em\",\"tl\":\"1em\",\"tp\":\"1em\",\"pl\":\"1em\",\"pp\":\"1em\"}}'>&amp; cantines<\/div><\/div><\/div><\/div>[\/vc_column_inner][vc_column_inner width=\u00a0\u00bb1\/4&Prime;]<div class=\"vcex-module vcex-image-banner textcenter\"><span class=\"vcex-ib-img\"  style=\"background-image:url(https:\/\/atecagencement.fr\/wp-content\/uploads\/portfolio\/20130403_185337-e1549265504890.jpg);\"><\/span><span class=\"vcex-ib-overlay\"><\/span><div class=\"vcex-ib-content-wrap clr\"  style=\"padding-right:10px;padding-left:10px;\"><div class=\"vcex-ib-content clr\"><h3 class=\"vcex-ib-title\" data-wpex-rcss='{\"font-size\":{\"d\":\"1.5em\",\"tl\":\"1.5em\",\"tp\":\"1.5em\",\"pl\":\"1.5em\",\"pp\":\"1.5em\"}}'>Bureaux<\/h3><div class=\"vcex-ib-caption\" data-wpex-rcss='{\"font-size\":{\"d\":\"1em\",\"tl\":\"1em\",\"tp\":\"1em\",\"pl\":\"1em\",\"pp\":\"1em\"}}'>&amp; tertiaire<\/div><\/div><\/div><\/div>[\/vc_column_inner][vc_column_inner width=\u00a0\u00bb1\/4&Prime;]<div class=\"vcex-module vcex-image-banner textcenter\"><span class=\"vcex-ib-img\"  style=\"background-image:url(https:\/\/atecagencement.fr\/wp-content\/uploads\/portfolio\/2015-IMMO-BPPC-18.jpg);\"><\/span><span class=\"vcex-ib-overlay\"><\/span><div class=\"vcex-ib-content-wrap clr\"  style=\"padding-right:10px;padding-left:10px;\"><div class=\"vcex-ib-content clr\"><h3 class=\"vcex-ib-title\" data-wpex-rcss='{\"font-size\":{\"d\":\"1.5em\",\"tl\":\"1.5em\",\"tp\":\"1.5em\",\"pl\":\"1.5em\",\"pp\":\"1.5em\"}}'>Collectivit\u00e9s<\/h3><div class=\"vcex-ib-caption\" data-wpex-rcss='{\"font-size\":{\"d\":\"1em\",\"tl\":\"1em\",\"tp\":\"1em\",\"pl\":\"1em\",\"pp\":\"1em\"}}'>et administrations<\/div><\/div><\/div><\/div>[\/vc_column_inner][\/vc_row_inner][\/vc_column][\/vc_row][vc_row full_width=\u00a0\u00bbstretch_row\u00a0\u00bb wpex_bg_overlay=\u00a0\u00bbdark\u00a0\u00bb css=\u00a0\u00bb.vc_custom_1549265240376{background: #f2f2f2 url(http:\/\/atecagencement.fr\/wp-content\/uploads\/portfolio\/bl\u00e9riot-003.jpg?id=365) !important;}\u00a0\u00bb wpex_bg_overlay_color=\u00a0\u00bb#161616&Prime; wpex_bg_overlay_opacity=\u00a0\u00bb0.8&Prime;][vc_column][vc_column_text text_align=\u00a0\u00bbcenter\u00a0\u00bb css=\u00a0\u00bb.vc_custom_1547555081818{padding-top: 30px !important;padding-bottom: 30px !important;}\u00a0\u00bb]\n<h1>Equipes et moyens techniques<\/h1>\n[\/vc_column_text][vc_row_inner][vc_column_inner width=\u00a0\u00bb1\/4&Prime;]<div class=\"vcex-module vcex-image-banner textcenter\"><span class=\"vcex-ib-img\"  style=\"background-image:url(https:\/\/atecagencement.fr\/wp-content\/uploads\/phototheque\/IMG_0264-e1549265260648.jpg);\"><\/span><span class=\"vcex-ib-overlay\"><\/span><div class=\"vcex-ib-content-wrap clr\"  style=\"padding-right:10px;padding-left:10px;\"><div class=\"vcex-ib-content clr\"><h3 class=\"vcex-ib-title\" data-wpex-rcss='{\"font-size\":{\"d\":\"1.5em\",\"tl\":\"1.5em\",\"tp\":\"1.5em\",\"pl\":\"1.5em\",\"pp\":\"1.5em\"}}'>Direction<\/h3><div class=\"vcex-ib-caption\" data-wpex-rcss='{\"font-size\":{\"d\":\"1em\",\"tl\":\"1em\",\"tp\":\"1em\",\"pl\":\"1em\",\"pp\":\"1em\"}}'>&amp; commercial<\/div><\/div><\/div><\/div>[\/vc_column_inner][vc_column_inner width=\u00a0\u00bb1\/4&Prime;]<div class=\"vcex-module vcex-image-banner textcenter\"><span class=\"vcex-ib-img\"  style=\"background-image:url(https:\/\/atecagencement.fr\/wp-content\/uploads\/phototheque\/IMG_0353-e1549265286307.jpg);\"><\/span><span class=\"vcex-ib-overlay\"><\/span><div class=\"vcex-ib-content-wrap clr\"  style=\"padding-right:10px;padding-left:10px;\"><div class=\"vcex-ib-content clr\"><h3 class=\"vcex-ib-title\" data-wpex-rcss='{\"font-size\":{\"d\":\"1.5em\",\"tl\":\"1.5em\",\"tp\":\"1.5em\",\"pl\":\"1.5em\",\"pp\":\"1.5em\"}}'>Bureau d'\u00e9tudes<\/h3><div class=\"vcex-ib-caption\" data-wpex-rcss='{\"font-size\":{\"d\":\"1em\",\"tl\":\"1em\",\"tp\":\"1em\",\"pl\":\"1em\",\"pp\":\"1em\"}}'>Conception<\/div><\/div><\/div><\/div>[\/vc_column_inner][vc_column_inner width=\u00a0\u00bb1\/4&Prime;]<div class=\"vcex-module vcex-image-banner textcenter\"><span class=\"vcex-ib-img\"  style=\"background-image:url(https:\/\/atecagencement.fr\/wp-content\/uploads\/phototheque\/IMG_0123-e1549265324899.jpg);\"><\/span><span class=\"vcex-ib-overlay\"><\/span><div class=\"vcex-ib-content-wrap clr\"  style=\"padding-right:10px;padding-left:10px;\"><div class=\"vcex-ib-content clr\"><h3 class=\"vcex-ib-title\" data-wpex-rcss='{\"font-size\":{\"d\":\"1.5em\",\"tl\":\"1.5em\",\"tp\":\"1.5em\",\"pl\":\"1.5em\",\"pp\":\"1.5em\"}}'>Atelier<\/h3><div class=\"vcex-ib-caption\" data-wpex-rcss='{\"font-size\":{\"d\":\"1em\",\"tl\":\"1em\",\"tp\":\"1em\",\"pl\":\"1em\",\"pp\":\"1em\"}}'>Bois &amp; Corian<\/div><\/div><\/div><\/div>[\/vc_column_inner][vc_column_inner width=\u00a0\u00bb1\/4&Prime;]<div class=\"vcex-module vcex-image-banner textcenter\"><span class=\"vcex-ib-img\"  style=\"background-image:url(https:\/\/atecagencement.fr\/wp-content\/uploads\/phototheque\/IMG_0621-e1549265352678.jpg);\"><\/span><span class=\"vcex-ib-overlay\"><\/span><div class=\"vcex-ib-content-wrap clr\"  style=\"padding-right:10px;padding-left:10px;\"><div class=\"vcex-ib-content clr\"><h3 class=\"vcex-ib-title\" data-wpex-rcss='{\"font-size\":{\"d\":\"1.5em\",\"tl\":\"1.5em\",\"tp\":\"1.5em\",\"pl\":\"1.5em\",\"pp\":\"1.5em\"}}'>Pose<\/h3><div class=\"vcex-ib-caption\" data-wpex-rcss='{\"font-size\":{\"d\":\"1em\",\"tl\":\"1em\",\"tp\":\"1em\",\"pl\":\"1em\",\"pp\":\"1em\"}}'>par nos \u00e9quipes<\/div><\/div><\/div><\/div>[\/vc_column_inner][\/vc_row_inner][\/vc_column][\/vc_row][vc_row][vc_column][vc_column_text text_align=\u00a0\u00bbcenter\u00a0\u00bb css=\u00a0\u00bb.vc_custom_1549099323942{padding-top: 30px !important;padding-bottom: 30px !important;}\u00a0\u00bb]\n<h1>Nous contacter<\/h1>\n[\/vc_column_text][\/vc_column][\/vc_row][vc_row][vc_column width=\u00a0\u00bb1\/2&Prime;][vc_gmaps link=\u00a0\u00bb#E-8_JTNDaWZyYW1lJTIwc3JjJTNEJTIyaHR0cHMlM0ElMkYlMkZ3d3cuZ29vZ2xlLmNvbSUyRm1hcHMlMkZlbWJlZCUzRnBiJTNEJTIxMW0xOCUyMTFtMTIlMjExbTMlMjExZDI5MDIuOTAwOTQ5NTQxMTI2JTIxMmQ1LjU3OTczNzkxNTkxNjA5NjUlMjEzZDQzLjMxNjMzMjg4MjE2NTQyJTIxMm0zJTIxMWYwJTIxMmYwJTIxM2YwJTIxM20yJTIxMWkxMDI0JTIxMmk3NjglMjE0ZjEzLjElMjEzbTMlMjExbTIlMjExczB4MTJjOWEyZTc5ZjM2NGEyMSUyNTNBMHg2MmNmYjQ4Mzc2YzY1NzI1JTIxMnNBVEVDJTJCQWdlbmNlbWVudCUyMTVlMCUyMTNtMiUyMTFzZnIlMjEyc2ZyJTIxNHYxNTQ5MDk5NTg2MDEzJTIyJTIwd2lkdGglM0QlMjI2MDAlMjIlMjBoZWlnaHQlM0QlMjI0NTAlMjIlMjBmcmFtZWJvcmRlciUzRCUyMjAlMjIlMjBzdHlsZSUzRCUyMmJvcmRlciUzQTAlMjIlMjBhbGxvd2Z1bGxzY3JlZW4lM0UlM0MlMkZpZnJhbWUlM0U=\u00a0\u00bb css=\u00a0\u00bb.vc_custom_1549099671213{padding-top: 30px !important;padding-right: 30px !important;padding-bottom: 30px !important;padding-left: 30px !important;}\u00a0\u00bb][vc_column_text css=\u00a0\u00bb.vc_custom_1549099710792{padding-right: 30px !important;}\u00a0\u00bb]\n<p style=\"text-align: right;\"><strong>Atec Agencement<\/strong><\/p>\n<p style=\"text-align: right;\">410, Avenue des Templiers,<br \/>\nParc de Napollon,<br \/>\n13400 Aubagne<\/p>\n<p style=\"text-align: right;\">04 42 36 96 36<\/p>\n<p><img loading=\"lazy\" class=\"alignnone wp-image-468 alignright\" src=\"http:\/\/atecagencement.fr\/wp-content\/uploads\/in.png\" alt=\"\" width=\"32\" height=\"32\"><img loading=\"lazy\" class=\"alignnone wp-image-469 alignright\" src=\"http:\/\/atecagencement.fr\/wp-content\/uploads\/f.png\" alt=\"\" width=\"32\" height=\"32\">[\/vc_column_text][\/vc_column][vc_column width=\u00a0\u00bb1\/2&Prime;]<div role=\"form\" class=\"wpcf7\" id=\"wpcf7-f5-o1\" lang=\"fr-FR\" dir=\"ltr\">\n<div class=\"screen-reader-response\"><p role=\"status\" aria-live=\"polite\" aria-atomic=\"true\"><\/p> <ul><\/ul><\/div>\n<form action=\"\/index.php\/wp-json\/wp\/v2\/pages\/11#wpcf7-f5-o1\" method=\"post\" class=\"wpcf7-form init\" novalidate=\"novalidate\" data-status=\"init\">\n<div style=\"display: none;\">\n<input type=\"hidden\" name=\"_wpcf7\" value=\"5\" \/>\n<input type=\"hidden\" name=\"_wpcf7_version\" value=\"5.5.6\" \/>\n<input type=\"hidden\" name=\"_wpcf7_locale\" value=\"fr_FR\" \/>\n<input type=\"hidden\" name=\"_wpcf7_unit_tag\" value=\"wpcf7-f5-o1\" \/>\n<input type=\"hidden\" name=\"_wpcf7_container_post\" value=\"0\" \/>\n<input type=\"hidden\" name=\"_wpcf7_posted_data_hash\" value=\"\" \/>\n<\/div>\n<p><label> Nom<br \/>\n<span class=\"wpcf7-form-control-wrap your-name\"><input type=\"text\" name=\"your-name\" value=\"\" size=\"40\" class=\"wpcf7-form-control wpcf7-text wpcf7-validates-as-required\" aria-required=\"true\" aria-invalid=\"false\" \/><\/span> <\/label>  <\/p>\n<p><label> e-mail<br \/>\n<span class=\"wpcf7-form-control-wrap your-email\"><input type=\"email\" name=\"your-email\" value=\"\" size=\"40\" class=\"wpcf7-form-control wpcf7-text wpcf7-email wpcf7-validates-as-required wpcf7-validates-as-email\" aria-required=\"true\" aria-invalid=\"false\" \/><\/span> <\/label><\/p>\n<p><label> Vous \u00eates<br \/>\n<span class=\"wpcf7-form-control-wrap menu-266\"><select name=\"menu-266\" class=\"wpcf7-form-control wpcf7-select wpcf7-validates-as-required\" aria-required=\"true\" aria-invalid=\"false\"><option value=\"\">---<\/option><option value=\"un architecte, bureau d&#039;\u00e9tudes\">un architecte, bureau d&#039;\u00e9tudes<\/option><option value=\"une entreprise\">une entreprise<\/option><option value=\"une collectivit\u00e9\">une collectivit\u00e9<\/option><option value=\"un particulier\">un particulier<\/option><\/select><\/span> <\/label><\/p>\n<p><label> Objet<br \/>\n    <span class=\"wpcf7-form-control-wrap your-subject\"><input type=\"text\" name=\"your-subject\" value=\"\" size=\"40\" class=\"wpcf7-form-control wpcf7-text\" aria-invalid=\"false\" \/><\/span> <\/label><\/p>\n<p><label> Message<br \/>\n    <span class=\"wpcf7-form-control-wrap your-message\"><textarea name=\"your-message\" cols=\"40\" rows=\"10\" class=\"wpcf7-form-control wpcf7-textarea\" aria-invalid=\"false\"><\/textarea><\/span> <\/label><\/p>\n<p><input type=\"submit\" value=\"Envoyer\" class=\"wpcf7-form-control has-spinner wpcf7-submit\" \/><\/p>\n<div class=\"wpcf7-response-output\" aria-hidden=\"true\"><\/div><\/form><\/div>[\/vc_column][\/vc_row]\n","protected":false},"excerpt":{"rendered":"<p>[vc_row][vc_column][vc_single_image image=\u00a0\u00bb23&Prime; img_size=\u00a0\u00bbmedium\u00a0\u00bb alignment=\u00a0\u00bbcenter\u00a0\u00bb css=\u00a0\u00bb.vc_custom_1549282516758{padding-bottom: 0px !important;}\u00a0\u00bb][vc_column_text text_align=\u00a0\u00bbcenter\u00a0\u00bb css=\u00a0\u00bb.vc_custom_1549282528332{padding-top: 0px !important;padding-bottom: 30px !important;}\u00a0\u00bb] Menuiserie et agencement Bois &amp; Corian pour les entreprises et collectivit\u00e9s [\/vc_column_text][\/vc_column][\/vc_row][vc_row column_spacing=\u00a0\u00bb40&Prime;][vc_column width=\u00a0\u00bb1\/2&Prime;][vc_column_text]Bas\u00e9e \u00e0 Aubagne, ATEC est sp\u00e9cialis\u00e9e dans l\u2019\u00e9tude, la fabrication et la pose de&hellip;<\/p>\n","protected":false},"author":1,"featured_media":0,"parent":0,"menu_order":0,"comment_status":"closed","ping_status":"closed","template":"","meta":[],"_links":{"self":[{"href":"https:\/\/atecagencement.fr\/index.php\/wp-json\/wp\/v2\/pages\/11"}],"collection":[{"href":"https:\/\/atecagencement.fr\/index.php\/wp-json\/wp\/v2\/pages"}],"about":[{"href":"https:\/\/atecagencement.fr\/index.php\/wp-json\/wp\/v2\/types\/page"}],"author":[{"embeddable":true,"href":"https:\/\/atecagencement.fr\/index.php\/wp-json\/wp\/v2\/users\/1"}],"replies":[{"embeddable":true,"href":"https:\/\/atecagencement.fr\/index.php\/wp-json\/wp\/v2\/comments?post=11"}],"version-history":[{"count":25,"href":"https:\/\/atecagencement.fr\/index.php\/wp-json\/wp\/v2\/pages\/11\/revisions"}],"predecessor-version":[{"id":583,"href":"https:\/\/atecagencement.fr\/index.php\/wp-json\/wp\/v2\/pages\/11\/revisions\/583"}],"wp:attachment":[{"href":"https:\/\/atecagencement.fr\/index.php\/wp-json\/wp\/v2\/media?parent=11"}],"curies":[{"name":"wp","href":"https:\/\/api.w.org\/{rel}","templated":true}]}}